{"id":270,"date":"2016-09-17T17:21:32","date_gmt":"2016-09-17T15:21:32","guid":{"rendered":"http:\/\/192.168.1.53\/wordpress\/?page_id=270"},"modified":"2026-04-19T11:23:39","modified_gmt":"2026-04-19T09:23:39","slug":"sponsoring","status":"publish","type":"page","link":"https:\/\/bcoensingen.ch\/?page_id=270","title":{"rendered":"Sponsoring"},"content":{"rendered":"<p>Unsere Sponsoren<\/p>\n<p>Damit der Spielbetrieb sichergestellt und unser Turniere durchgef\u00fchrt werden k\u00f6nnen, sind wir auf Hilfe angewiesen. Wir danken unseren Sponsoren f\u00fcr die Unterst\u00fctzung! Melden Sie sich doch unverbindlich bei unserem Pr\u00e4sidenten, falls Sie uns auch unterst\u00fctzen m\u00f6chten.<\/p>\n<p>Hier k\u00f6nnte Ihr Inserat stehen!<\/p>\n<p>Interesse???<\/p>\n<p>Werden Sie Sponsor!<\/p>\n<p><a href=\"http:\/\/bcoensingen.ch\/wp-content\/uploads\/2026\/04\/Flyer_Werden_Sie_Sponsor_Badminton_Club_Oensingen.pdf\"><img loading=\"lazy\" decoding=\"async\" class=\"alignnone  wp-image-3186\" src=\"http:\/\/bcoensingen.ch\/wp-content\/uploads\/2026\/04\/WerdenSieSponsor.jpg\" alt=\"\" width=\"282\" height=\"402\" srcset=\"https:\/\/bcoensingen.ch\/wp-content\/uploads\/2026\/04\/WerdenSieSponsor.jpg 698w, https:\/\/bcoensingen.ch\/wp-content\/uploads\/2026\/04\/WerdenSieSponsor-210x300.jpg 210w\" sizes=\"auto, (max-width: 282px) 100vw, 282px\" \/><\/a><\/p>\n<p>Den Flyer herunterladen: Einfach auf das Bild klicken.<\/p>\n<p>Herzlichen Dank an alle Sponsoren f\u00fcr die Unterst\u00fctzung des Badmintonclub Oensingen!<\/p>\n<hr \/>\n<h3 class=\"dtbankselector__title-bank dtbankselector__title-bank--default\">Raiffeisenbank G\u00e4u-Bipperamt<br \/>\n<a href=\"http:\/\/bcoensingen.ch\/wp-content\/uploads\/2024\/12\/RBGaeuBipperamt_Logo.png\"><img loading=\"lazy\" decoding=\"async\" class=\"alignnone wp-image-2414\" src=\"http:\/\/bcoensingen.ch\/wp-content\/uploads\/2024\/12\/RBGaeuBipperamt_Logo.png\" alt=\"\" width=\"337\" height=\"136\" srcset=\"https:\/\/bcoensingen.ch\/wp-content\/uploads\/2024\/12\/RBGaeuBipperamt_Logo.png 469w, https:\/\/bcoensingen.ch\/wp-content\/uploads\/2024\/12\/RBGaeuBipperamt_Logo-300x121.png 300w\" sizes=\"auto, (max-width: 337px) 100vw, 337px\" \/><\/a><\/h3>\n<address>Kornhausplatz 2<br \/>\n4622 Egerkingen<br \/>\nTel. <a class=\"tel\" href=\"https:\/\/www.raiffeisen.ch\/bin\/www\/phonenr?RStMNEoxTzZaMkYzTzhGOFIyTzZIMk82\" rel=\"nofollow\" data-nc-component=\"RichText\" data-nc-component-id=\"b024b863-64c1-48d5-9686-0ce23279a60e\"><span class=\"footer__bankContactTel\">+41<span class=\"noShow\">\u00a0<\/span>62 388 26 26<\/span><\/a><br \/>\n<a class=\"mailto footer__link footer__link-mail\" href=\"https:\/\/www.raiffeisen.ch\/bin\/www\/mailaddr?VWdLYWVDdU8tRmJEaU5wcFFlU3JhbVd0V1RDckhhUmlZZlZmQ2VVaU9zS2VuWUJIY0to\" rel=\"nofollow\" data-nc-component=\"RichText\" data-nc-component-id=\"f0467bb9-941c-4027-a017-1b7d70561250\">gaeu-bipperamt@raiffeisen.ch<\/a><\/address>\n<hr \/>\n<h3>Bell Schweiz AG<\/h3>\n<h3><a href=\"https:\/\/www.bell.ch\/\" target=\"_blank\" rel=\"noopener\"><img loading=\"lazy\" decoding=\"async\" class=\"\" src=\"https:\/\/www.stv-oensingen.ch\/files\/images\/sponsoren\/Bell_Logo_A4_rgb.png\" alt=\"Sponsoren des STV Oensingen - STV Oensingen\" width=\"178\" height=\"131\" \/><\/a><\/h3>\n<p>Els\u00e4sserstrasse 174<br \/>\n4056 Basel<br \/>\nTel. +41 58 326 26 26<\/p>\n<hr \/>\n<p><a href=\"https:\/\/so.ch\/verwaltung\/departement-des-innern\/departementssekretariat\/foerderung-gemeinnuetziger-projekte\/swisslos-fonds\/\"><img loading=\"lazy\" decoding=\"async\" width=\"328\" height=\"154\" class=\"alignnone size-full wp-image-2600\" src=\"http:\/\/bcoensingen.ch\/wp-content\/uploads\/2025\/11\/Swisslos-Fonds.png\" alt=\"\" srcset=\"https:\/\/bcoensingen.ch\/wp-content\/uploads\/2025\/11\/Swisslos-Fonds.png 328w, https:\/\/bcoensingen.ch\/wp-content\/uploads\/2025\/11\/Swisslos-Fonds-300x141.png 300w\" sizes=\"auto, (max-width: 328px) 100vw, 328px\" \/><\/a><\/p>\n<p>Die finanzielle Unterst\u00fctzung durch den Swisslos-Fonds des Kantons Solothurn<\/p>\n<hr \/>\n<p>&nbsp;<\/p>\n","protected":false},"excerpt":{"rendered":"<p>Unsere Sponsoren Damit der Spielbetrieb sichergestellt und unser Turniere durchgef\u00fchrt werden k\u00f6nnen, sind wir auf Hilfe angewiesen. Wir danken unseren Sponsoren f\u00fcr die Unterst\u00fctzung! Melden Sie sich doch unverbindlich bei unserem Pr\u00e4sidenten, falls Sie uns auch unterst\u00fctzen m\u00f6chten. Hier k\u00f6nnte Ihr Inserat stehen! Interesse??? Werden Sie Sponsor! Den Flyer herunterladen: Einfach auf das Bild klicken. [&hellip;]<\/p>\n","protected":false},"author":1,"featured_media":0,"parent":206,"menu_order":0,"comment_status":"closed","ping_status":"closed","template":"","meta":{"footnotes":""},"class_list":["post-270","page","type-page","status-publish","hentry"],"_links":{"self":[{"href":"https:\/\/bcoensingen.ch\/index.php?rest_route=\/wp\/v2\/pages\/270","targetHints":{"allow":["GET"]}}],"collection":[{"href":"https:\/\/bcoensingen.ch\/index.php?rest_route=\/wp\/v2\/pages"}],"about":[{"href":"https:\/\/bcoensingen.ch\/index.php?rest_route=\/wp\/v2\/types\/page"}],"author":[{"embeddable":true,"href":"https:\/\/bcoensingen.ch\/index.php?rest_route=\/wp\/v2\/users\/1"}],"replies":[{"embeddable":true,"href":"https:\/\/bcoensingen.ch\/index.php?rest_route=%2Fwp%2Fv2%2Fcomments&post=270"}],"version-history":[{"count":40,"href":"https:\/\/bcoensingen.ch\/index.php?rest_route=\/wp\/v2\/pages\/270\/revisions"}],"predecessor-version":[{"id":3188,"href":"https:\/\/bcoensingen.ch\/index.php?rest_route=\/wp\/v2\/pages\/270\/revisions\/3188"}],"up":[{"embeddable":true,"href":"https:\/\/bcoensingen.ch\/index.php?rest_route=\/wp\/v2\/pages\/206"}],"wp:attachment":[{"href":"https:\/\/bcoensingen.ch\/index.php?rest_route=%2Fwp%2Fv2%2Fmedia&parent=270"}],"curies":[{"name":"wp","href":"https:\/\/api.w.org\/{rel}","templated":true}]}}