{"id":1138,"date":"2019-05-01T21:15:08","date_gmt":"2019-05-01T19:15:08","guid":{"rendered":"http:\/\/bcoensingen.ch\/?page_id=1138"},"modified":"2026-02-04T15:32:41","modified_gmt":"2026-02-04T14:32:41","slug":"datenschutzerklaerung","status":"publish","type":"page","link":"https:\/\/bcoensingen.ch\/?page_id=1138","title":{"rendered":"Datenschutzerkl\u00e4rung"},"content":{"rendered":"<h3 style=\"background: white; vertical-align: baseline; margin: 0cm 0cm 9.0pt 0cm;\">Datenschutzerkl\u00e4rung Badminton Club Oensingen<\/h3>\n<p>BC Oensingen<br \/>\nWebmaster<\/p>\n<p>E-Mail: verein@bcoensingen.ch<br \/>\nWebSite: https:\/\/bcoensingen.ch\/<\/p>\n<p>G\u00fcltig ab: 01.09.2023<\/p>\n<p>1.<a name=\"_Toc142065580\"><\/a> Allgemeines<\/p>\n<p>Mit dieser Datenschutzerkl\u00e4rung informiert der Verein Badminton Club Oensingen (nachfolgend \u00abBCOe\u00bb, \u00abwir\u00bb oder \u00abuns\u00bb genannt), welche Daten er von nat\u00fcrlichen Personen wof\u00fcr, wie und wo bearbeitet, insbesondere im Zusammenhang mit seiner Website (<a href=\"https:\/\/www.bcoensingen.ch\">https:\/\/www.bcoensingen.ch<\/a>) und seinem Dienstleistungs-Angebot. Ausserdem informiert er \u00fcber die Rechte von Personen, deren Daten er bearbeitet.<\/p>\n<p>Diese Datenschutzerkl\u00e4rung gilt, soweit die Verarbeitungst\u00e4tigkeiten nicht anderen Datenschutzerkl\u00e4rungen unterliegen oder durch geltendes Recht vorgesehen sind. Bitte lesen Sie diese Datenschutzerkl\u00e4rung sorgf\u00e4ltig durch. Durch die Nutzung unserer Dienstleistungen stimmen Sie der Erhebung und Verarbeitung Ihrer personenbezogenen Daten gem\u00e4ss dieser Datenschutzerkl\u00e4rung zu.<\/p>\n<p><strong>1.1 <a name=\"_Toc142065581\"><\/a>Rechtliche Grundlagen<\/strong><\/p>\n<p>Der Schutz von Personendaten ist uns sehr wichtig. BCOe untersteht dem schweizerischen Recht. Das gilt auch in Bezug auf den Datenschutz. Sein Angebot richtet sich prim\u00e4r an Personen in der Schweiz.<\/p>\n<p>Wir bearbeiten Personendaten im Einklang mit dem schweizerischen Datenschutzrecht, wie insbesondere dem <a href=\"https:\/\/www.fedlex.admin.ch\/eli\/cc\/2022\/491\/de\">Bundesgesetz \u00fcber den Datenschutz (DSG)<\/a> und der <a href=\"https:\/\/www.fedlex.admin.ch\/eli\/cc\/2022\/568\/de\">Verordnung \u00fcber den Datenschutz (DSV)<\/a>. Bei der Datenbearbeitung von nat\u00fcrlichen Personen im Ausland h\u00e4lt sich BCOe an die Bestimmungen der <a href=\"https:\/\/eur-lex.europa.eu\/eli\/reg\/2016\/679\/oj?locale=de\">Europ\u00e4ischen Datenschutz-Grundverordnung (DSGVO)<\/a>. Dar\u00fcber hinaus entspricht unser Umgang mit Personendaten dem <a href=\"https:\/\/zewo.ch\/de\/die-21-zewo-standards\/\">Datenschutz-Standard 19<\/a> der ZEWO.<\/p>\n<p><strong>1.2 <a name=\"_Toc142065582\"><\/a>Verantwortung und Kontakt<\/strong><\/p>\n<p>Bei BCOe tr\u00e4gt der Vorstand die Verantwortung f\u00fcr den datenschutzkonformen Umgang mit Personendaten. Auf operativer Ebene ist die Datenschutzberaterin bzw. der Datenschutzberater f\u00fcr die Einhaltung der gesetzlichen Vorgaben und als Anlaufstelle bei Auskunftsbegehren, Fragen oder Beschwerden zust\u00e4ndig.<\/p>\n<p>Datenschutzberater bei Badminton Club Oensingen:<\/p>\n<p>Ren\u00e9 H\u00fcrzeler Sonnfeldweg 11, 4617 Gunzgen<br \/>\n<a href=\"mailto:verein@bcoensingen.ch\">verein@bcoensingen.ch<\/a><\/p>\n<p><strong>2. Bearbeitung von Personendaten<\/strong><\/p>\n<p>BCOe bearbeitet nur jene Personendaten, die erforderlich sind, um seine Dienstleistungen dauerhaft, nutzerfreundlich, sicher und zuverl\u00e4ssig bereitstellen zu k\u00f6nnen (Name, Adresse, Telefonnummer, E-Mail-Adresse und Online-Kennung). Darunter k\u00f6nnen auch Daten von nat\u00fcrlichen Personen mit Sitz im Ausland fallen. Wir erheben, bearbeiten und verwenden keine besonders sch\u00fctzenswerten Daten im Sinne des Datenschutzgesetzes.<\/p>\n<p><strong>2.1 <a name=\"_Toc142065584\"><\/a>Bearbeitungszweck<\/strong><\/p>\n<p>Die von BCOe erhobenen Personendaten stehen in direktem Zusammenhang mit dem Vereinszweck und den damit verbundenen Aufgaben. Beides ist in den <u>Statuten von BCOe<\/u> festgelegt. Wir bearbeiten nur Personendaten die f\u00fcr die Information, Unterst\u00fctzung, F\u00f6rderung, Zusammenarbeit und Vertretung der Landesorganisationen, Kantonalverb\u00e4nden, Vereinen und deren Mitgliedern notwendig sind. Sie dienen ausserdem der Mittelbeschaffung zur Erf\u00fcllung des erw\u00e4hnten statutarischen Zweckes.<\/p>\n<p><strong>2.2 <a name=\"_Toc142065585\"><\/a>Bearbeitungsinhalt- und Dauer<\/strong><\/p>\n<p>BCOe erfasst nur Personendaten, die dem Vereinszweck dienen und gem\u00e4ss Datenschutzgesetz als nicht besonders sch\u00fctzenswert eingestuft werden. Er bearbeitet also keine besonders sch\u00fctzenswerten Daten \u00fcber religi\u00f6se, politische Ansichten oder T\u00e4tigkeiten, Gesundheitsdaten, Daten zur Intimsph\u00e4re, Rasse oder Ethnie, genetische und biometrische Daten, solche zu verwaltungs- und strafrechtlichen Verfahren sowie Daten zu Sozialhilfemassnahmen. Die Daten werden nur so lange aufbewahrt, wie sie dem Vereinszweck gem\u00e4ss <u>\u200e2.1<\/u> <u>Bearbeitungszweck<\/u> dienen.<\/p>\n<p><strong>2.2.1 <a name=\"_Toc142065586\"><\/a>Automatisch \u00fcbermittelte Informationen<\/strong><\/p>\n<p>BCOe erhebt und speichert Informationen, die Ihr Browser uns beim Besuch unserer Website automatisch in \u00abServer-Log-Dateien\u00bb \u00fcbermittelt. Die Datenerhebung erfolgt aufgrund Ihres Willens und Interesses, unsere Website zu besuchen und unserer berechtigten Interessen, die Website zu betreiben.<\/p>\n<p><strong>2.2.2 <a name=\"_Toc142065587\"><\/a>Von Ihnen per Online-Kontaktformular, E-Mail oder per Telefon mitgeteilte Informationen<\/strong><\/p>\n<p>Wir erfassen Informationen, die Sie uns aktiv und freiwillig, mit Ihrer Einwilligung und\/oder im Vorfeld eines m\u00f6glichen Vertragsabschlusses mit uns durch das Online-Kontaktformular, durch das Senden einer Nachricht an unsere Kontakt-E-Mail-Adresse, per Briefpost oder per Telefon mitteilen. Wir werden die von Ihnen zur Verf\u00fcgung gestellten Informationen zur Bearbeitung und Beantwortung Ihrer Anfrage verwenden, oder f\u00fcr die rechtm\u00e4ssigen Zwecke verarbeiten, die sich aus den Umst\u00e4nden ergeben.<\/p>\n<p><strong>2.2.3 <a name=\"_Toc142065588\"><\/a>Informationen, die im Zusammenhang mit der Anmeldung oder Registrierung f\u00fcr eine Mitgliedschaft erhoben oder generiert werden<\/strong><\/p>\n<p>Wir erfassen und generieren Informationen, wenn Sie sich f\u00fcr eine Mitgliedschaft von BCOe anmelden. Dies umfasst personenbezogene Daten (Namen, Adresse, Telefon, E-Mail, weitere Informationen \u00fcber Sie), wobei wir die, als nicht-optional anzugebenden Daten zwingend f\u00fcr die Bearbeitung der angeforderten Dienste ben\u00f6tigen.<\/p>\n<p>Mit einer Mitgliedschaft bei uns als Swiss Badminton erhalten Sie diverse Vorteile von BCOe. Zu diesem Zweck teilen wir BCOe folgende personenbezogenen Adressdaten mit: Vorname, Name, Adresszeile 1, Adresszeile 2, Platz, Ort, Land, Telefonnummer, E-Mail-Adresse. Die Mitteilung dieser personenbezogenen Daten erfolgt stets freiwillig, auf der Grundlage Ihrer Einwilligung oder eines Vertrages, zur Erf\u00fcllung der von Ihnen angeforderten Leistungen. Bitte beachten Sie, dass ohne die Bereitstellung dieser Informationen, die angeforderte Leistung, f\u00fcr die, die Informationen ben\u00f6tigt werden, nicht oder nicht in der gew\u00fcnschten Qualit\u00e4t erbracht werden kann.<\/p>\n<p><strong>2.2.4 <a name=\"_Toc142065589\"><\/a>Informationen, die im Zusammenhang mit einer Spende erhoben oder generiert werden<\/strong><\/p>\n<p>Wir erfassen und generieren Informationen, wenn Sie sich f\u00fcr ein Sponsoring oder Schenkung \u00fcber unser Spendenformular entscheiden. Dies umfasst personenbezogene Daten (Anrede, Vorname, Nachname, E-Mail, Bemerkungen von Ihnen, Firma, Strasse, Nr., Postfach, PLZ, Ort, Land, Informationen \u00fcber die Zahlungsart und Zahlungsmittel, Bankverbindung, Betrag), wobei wir die als nicht-optional anzugebenden Daten zwingend f\u00fcr die Bearbeitung der angeforderten Dienste ben\u00f6tigen. Wir werden die von Ihnen erhobenen Informationen verwenden, um die von Ihnen eingebrachte Leistung bestm\u00f6glich zu verarbeiten.<\/p>\n<p>&nbsp;<\/p>\n<p><strong>2.3 <a name=\"_Toc142065590\"><\/a>Bearbeitung durch Dritte<\/strong><\/p>\n<p>BCOe kann Personendaten durch ihn beauftragte Dritte bearbeiten lassen oder gemeinsam mit Dritten sowie mit Hilfe von Dritten bearbeiten oder an Dritte \u00fcbermitteln (z.B. Dienstleistungserbringer wie Druckereien, IT-Support, Newsletter-Provider). Wir w\u00e4hlen unsere Partner und Auftragsverarbeiter sorgf\u00e4ltig aus und nur bei Gew\u00e4hrleistung ausreichender Garantien, dass sie \u00fcber geeignete technische und organisatorische Massnahmen in \u00dcbereinstimmung mit den gesetzlichen Anforderungen verf\u00fcgen. Sie sind ebenfalls verpflichtet, die schweizerischen Datenschutzbestimmungen einzuhalten. Sie d\u00fcrfen Adressen ohne ausdr\u00fcckliche Einwilligung der betroffenen Personen weder, verkaufen, vermieten, noch ver\u00f6ffentlichen. Mit Dritten regelt BCOe die Zusammenarbeit und die Einhaltung des Datenschutzrechts vertraglich.<\/p>\n<p><strong>3. <a name=\"_Toc142065591\"><\/a>Nutzung der Webseiten und Sozialen Medien<\/strong><\/p>\n<p><strong>3.1 <a name=\"_Toc142065592\"><\/a>Cookies<\/strong><\/p>\n<p>BCOe setzt auf seiner Website Cookies ein, mit denen Ihr Browser oder Ihr Ger\u00e4t identifiziert werden kann. Ein Cookie ist eine kleine Datei, die vom verwendeten Webbrowser automatisch auf Ihrem Computer oder mobilen Ger\u00e4t gespeichert wird, wenn Sie die Website von BCOe besuchen. Weitere Informationen \u00fcber Cookies und deren Verwendung finden Sie unter: <a href=\"http:\/\/www.allaboutcookies.org\/\">http:\/\/www.allaboutcookies.org\/<\/a>.<\/p>\n<p>Sie k\u00f6nnen die Verwendung von Cookies ablehnen, indem Sie auf unseren Cookie-Banner auf \u00abAblehnen\u00bb klicken oder die entsprechenden Einstellungen in Ihrem Browser vornehmen. Jeder Browser ist unterschiedlich in der Art und Weise, wie er die Cookie-Einstellungen verwaltet. Dies wird in der Regel im Men\u00fc \u00abHilfe\u00bb jedes Browsers beschrieben. Bitte beachten Sie jedoch, dass Sie durch die Deaktivierung der Cookiefunktion in Ihren Browser-Einstellungen m\u00f6glicherweise nicht mehr alle Funktionen der Website nutzen k\u00f6nnen.<\/p>\n<p><strong>3.2 <a name=\"_Toc142065593\"><\/a>Web-Analysedienste<\/strong><\/p>\n<p>Die Website von BCOe verwendet Google Analytics GA4, einen Webanalysedienst von Google Inc., 1600 Amphitheatre Parkway, Mountain View, CA 94043, USA. Zur Deaktivierung von Google Analytics stellt Google unter <a href=\"https:\/\/tools.google.com\/dlpage\/gaoptout?hl=de\">https:\/\/tools.google.com\/dlpage\/gaoptout?hl=de<\/a> ein Browser-Plug-In zur Verf\u00fcgung. GA4 verwendet keine Cookies und speichert nur anonymisierte Daten, die keine R\u00fcckschl\u00fcsse auf Ihre pers\u00f6nlichen Daten (inkl. vollst\u00e4ndige IP-Adresse) erlauben. Mehr erfahren Sie unter <a href=\"https:\/\/support.google.com\/analytics\/answer\/6004245?hl=de\">https:\/\/support.google.com\/analytics\/answer\/6004245?hl=de<\/a>.\u00a0Wir haben die IP-Anonymisierungsfunktion auf unserer Website aktiviert. Ihre IP-Adresse wird von Google innerhalb der Europ\u00e4ischen Union oder anderen Parteien des Abkommens \u00fcber den Europ\u00e4ischen Wirtschaftsraum vor der \u00dcbermittlung an die Vereinigten Staaten gek\u00fcrzt. Nur in Ausnahmef\u00e4llen wird die vollst\u00e4ndige IP-Adresse an einen Google-Server in den USA \u00fcbertragen und dort gek\u00fcrzt.<\/p>\n<p>Die im Rahmen von Google Analytics \u00fcbermittelten IP-Adressen werden nicht mit anderen Daten von Google zusammengef\u00fchrt. Dar\u00fcber hinaus k\u00f6nnen Sie der Erhebung und Nutzung von Daten (Cookies und IP-Adresse) durch Google widersprechen, indem Sie das unter dem Link <a href=\"https:\/\/tools.google.com\/dlpage\/gaoptout?hl=de\">https:\/\/tools.google.com\/dlpage\/gaoptout?hl=de<\/a> verf\u00fcgbare Browser-Plugin herunterladen und installieren.<\/p>\n<p><strong>3.3 <a name=\"_Toc142065594\"><\/a>Soziale Medien<\/strong><\/p>\n<p>Wir setzen auf unserer Website die nachfolgend beschriebenen Social-Plug-ins ein, um unsere Organisation hier\u00fcber bekannter zu machen. Der dahinterstehende werbliche Zweck ist als berechtigtes Interesse im Sinne von Art. 6 Abs. 1 lit. f DSGVO anzusehen. Die Verantwortung f\u00fcr den datenschutzkonformen Betrieb ist durch deren jeweiligen Anbieter zu gew\u00e4hrleisten. Die Datenbearbeitung im Zusammenhang mit diesen Plug-ins erfolgt bei Ihrer Benutzung dieser Plug-ins mit Ihrer Einwilligung.<\/p>\n<p><strong>3.3.1 <a name=\"_Toc142065595\"><\/a>Facebook<\/strong><\/p>\n<p>Auf unserer Website werden Plug-ins des sozialen Netzwerks Facebook verwendet, das von der Meta Platforms, Inc., 1601 Willow Road Menlo Park, CA 94025, USA, angeboten wird. Die Facebook Plug-ins sind mit einem Facebook-Logo oder dem Zusatz \u00abLike\u00bb bzw. \u00abShare\u00bb gekennzeichnet. BCOe verwendet diese Plug-ins, um Facebook-Funktionen und Facebook-Inhalte in die Website einbetten zu k\u00f6nnen. Solche Funktionen sind beispielsweise \u00abGef\u00e4llt mir\u00bb (\u00abLike\u00bb) oder \u00abTeilen\u00bb. Dabei kommen auch Cookies zum Einsatz. Eine \u00dcbersicht \u00fcber die Facebook-Plug-ins und deren Aussehen finden Sie unter: <a href=\"https:\/\/developers.facebook.com\/docs\/plugins\">https:\/\/developers.facebook.com\/docs\/plugins<\/a>.<\/p>\n<p>Sind Sie bei Facebook eingeloggt, kann Facebook den Besuch unserer Website Ihrem Facebook-Profil unmittelbar zuordnen. Wenn Sie mit den Plug-ins interagieren, z.B. den \u00abLike\u00bb Button bet\u00e4tigen, wird diese Information ebenfalls direkt an einen Server von Facebook \u00fcbermittelt und dort gespeichert. Die Informationen werden ausserdem auf Ihrem Facebook-Profil ver\u00f6ffentlicht und Ihren Facebook-Freunden angezeigt.<\/p>\n<p>Zweck und Umfang der Datenerhebung und die weitere Verarbeitung und Nutzung der Daten durch Facebook sowie Ihre diesbez\u00fcglichen Rechte und Einstellungsm\u00f6glichkeiten zum Schutz Ihrer Privatsph\u00e4re entnehmen Sie bitte den Datenschutzhinweisen von Facebook: <a href=\"http:\/\/www.facebook.com\/policy.php\">www.facebook.com\/policy.php<\/a>.<\/p>\n<p><strong>3.3.2 <a name=\"_Toc142065596\"><\/a>Youtube<\/strong><\/p>\n<p>Auf einigen Websites bettet BCOe Youtube-Videos ein. Betreiber der entsprechenden Plugins ist die YouTube, LLC, 901 Cherry Ave., San Bruno, CA 94066, USA. Wenn Sie eine Seite mit dem YouTube-Plugin besuchen, wird eine Verbindung zu Servern von Youtube hergestellt. Dabei wird Youtube mitgeteilt, welche Seiten Sie besuchen. Wenn Sie in Ihrem Youtube-Account eingeloggt sind, kann Ihnen Youtube Ihr Surfverhalten pers\u00f6nlich zuordnen. Dies verhindern Sie, indem Sie sich vorher aus Ihrem Youtube-Account ausloggen. Wird ein Youtube-Video gestartet, setzt der Anbieter Cookies ein, die Hinweise \u00fcber das Nutzerverhalten sammeln. Wer das Speichern von Cookies f\u00fcr das Google-Ad-Programm deaktiviert hat, wird auch beim Anschauen von Youtube-Videos mit keinen solchen Cookies rechnen m\u00fcssen. Youtube legt aber auch in anderen Cookies nicht-personenbezogene Nutzungsinformationen ab. M\u00f6chten Sie dies verhindern, so m\u00fcssen Sie das Speichern von Cookies im Browser blockieren. Weitere Informationen zum Datenschutz bei \u00abYoutube\u00bb finden Sie in der Datenschutzerkl\u00e4rung des Anbieters unter: <a href=\"https:\/\/www.google.de\/intl\/de\/policies\/privacy\/.%20\">https:\/\/www.google.de\/intl\/de\/policies\/privacy\/. <\/a><\/p>\n<p><strong>3.3.3 <a name=\"_Toc142065597\"><\/a>Instagram<\/strong><\/p>\n<p>Auf unserer Website verwenden wir das Plug-in des sozialen Netzwerks Instagram, das von der Meta Platforms, Inc., 1601 Willow Road Menlo Park, CA 94025, USA, angeboten wird. Die Daten werden erst dann an den Social-Media-Provider gesendet, wenn Sie das Social-Media-Plug-in durch Anklicken des ausgew\u00e4hlten Plug-ins aktivieren. Sie k\u00f6nnen also w\u00e4hlen, wann Sie dieses aktivieren m\u00f6chten. In diesem Fall kann Meta w\u00e4hrend Ihres Besuchs auf der Website eine direkte Verbindung zum Nutzer herstellen, die es Meta erm\u00f6glicht, Ihren Besuch zu erkennen und die entsprechenden Informationen zu analysieren. Die Weiterverarbeitung der personenbezogenen Daten erfolgt in der Verantwortung von Meta gem\u00e4ss den Datenschutzgesetzen und den auf ihrer Website ver\u00f6ffentlichten Datenschutzrichtlinien:<\/p>\n<p><a href=\"https:\/\/help.instagram.com\/519522125107875\/?helpref=hc_fnav&amp;bc%5b0%5d=Instagram-Hilfebereich&amp;bc%5b1%5d=Richtlinien%20und%20Meldungen\">https:\/\/help.instagram.com\/519522125107875\/?helpref=hc_fnav&amp;bc[0]=Instagram-Hilfebereich&amp;bc[1]=Richtlinien%20und%20Meldungen<\/a>.<\/p>\n<p><strong>4. <a name=\"_Toc142065600\"><\/a>Umgang mit Bildern<\/strong><\/p>\n<p>Bei der Verwendung und Ver\u00f6ffentlichung von Bildern h\u00e4lt sich BCOe an die urheberrechtlichen Gesetzesbestimmungen. Wir ver\u00f6ffentlichen weder auf der eigenen Website noch in den eigenen digitalen und physischen Publikationen sowie Dokumenten Personenfotos oder Fotos, ohne Einwilligung der betreffenden Personen oder Fotografen.<\/p>\n<p><strong>5. <a name=\"_Toc142065601\"><\/a>Datensicherheit<\/strong><\/p>\n<p>BCOe trifft angemessene sowie geeignete technische und organisatorische Massnahmen, um den Datenschutz und insbesondere die Datensicherheit zu gew\u00e4hrleisten. Die Daten\u00fcbertragung erfolgt mittels SSL-Verschl\u00fcsselung (zu erkennen an https:\/\/ in der Adresszeile des Browsers). Der Zugang zur Adressdatenbank erfolgt \u00fcber ein Berechtigungsverfahren. Alle Mitarbeitenden von BirdLife Schweiz, die Umgang mit Personendaten haben, sind zur Einhaltung des Datenschutzes verpflichtet.<\/p>\n<p><strong>6. <a name=\"_Toc142065602\"><\/a>Rechte<\/strong><\/p>\n<p>Sie k\u00f6nnen von BCOe Auskunft dar\u00fcber verlangen, ob personenbezogene Daten \u00fcber Sie verarbeitet werden. Dar\u00fcber hinaus haben Sie das Recht, die Berichtigung, Vernichtung oder Einschr\u00e4nkung personenbezogener Daten \u00fcber sich selbst zu verlangen sowie der Verarbeitung personenbezogener Daten zu widersprechen, sofern damit keine gesetzliche Vorgabe verletzt wird (z. B. Aufbewahrungspflichten). Beantragt eine Mitgliedsperson des BCOe angeschlossenen Landesorganisationen, Kantonalverb\u00e4nden und Sektionen keine Weitergabe ihrer Adressdaten an den Kantonalverband und\/oder BCOe dann kann sie das auch nachtr\u00e4glich \u00fcber diejenige Organisation, bei der sie Mitglied ist oder direkt per Mail \u00fcber <a href=\"mailto:verein@bcoesingen.ch\">verein@bcoensingen.ch<\/a> verlangen. Bei Fragen oder Unklarheiten wenden Sie sich an die im Verein zust\u00e4ndige Datenschutzberaterin bzw. den zust\u00e4ndigen Datenschutzberater oder den Vereinsvorstand (gem\u00e4ss Absatz <u>\u200e1.2<\/u><u>.).<\/u> \u00dcberdies besteht ein Beschwerderecht beim Eidgen\u00f6ssischen Datenschutz- und \u00d6ffentlichkeitsbeauftragten (<a href=\"https:\/\/www.edoeb.admin.ch\/edoeb\/de\/home.html\">ED\u00d6B<\/a>).<\/p>\n<p><strong>7. <a name=\"_Toc142065603\"><\/a>Schlussbestimmungen<\/strong><\/p>\n<p>Diese Datenschutzerkl\u00e4rung kann von Zeit zu Zeit und ohne vorherige Ank\u00fcndigung ge\u00e4ndert werden. Alle \u00c4nderungen an dieser Datenschutzerkl\u00e4rung gelten, wenn sie auf der Website ver\u00f6ffentlicht werden, sofern nicht anders angegeben. Wenn wir die Datenschutzerkl\u00e4rung in einer wesentlichen Weise \u00e4ndern, werden wir Sie per E-Mail und\/oder einer auff\u00e4lligen Mitteilung auf unserer Website oder in einer anderen geeigneten Weise vor Inkrafttreten der \u00c4nderung informieren und das Datum des Inkrafttretens am <a href=\"#_top\">Dokumentenbeginn<\/a> aktualisieren. Soweit die Datenschutzerkl\u00e4rung Teil einer schriftlichen Vereinbarung mit Ihnen ist, werden wir Sie im Falle einer Aktualisierung \u00fcber die \u00c4nderung per E-Mail oder auf andere geeignete Weise informieren.<\/p>\n<p>&nbsp;<\/p>\n","protected":false},"excerpt":{"rendered":"<p>Datenschutzerkl\u00e4rung Badminton Club Oensingen BC Oensingen Webmaster E-Mail: verein@bcoensingen.ch WebSite: https:\/\/bcoensingen.ch\/ G\u00fcltig ab: 01.09.2023 1. Allgemeines Mit dieser Datenschutzerkl\u00e4rung informiert der Verein Badminton Club Oensingen (nachfolgend \u00abBCOe\u00bb, \u00abwir\u00bb oder \u00abuns\u00bb genannt), welche Daten er von nat\u00fcrlichen Personen wof\u00fcr, wie und wo bearbeitet, insbesondere im Zusammenhang mit seiner Website (https:\/\/www.bcoensingen.ch) und seinem Dienstleistungs-Angebot. Ausserdem informiert er [&hellip;]<\/p>\n","protected":false},"author":1,"featured_media":0,"parent":206,"menu_order":0,"comment_status":"closed","ping_status":"closed","template":"templates\/fullwidth.php","meta":{"footnotes":""},"class_list":["post-1138","page","type-page","status-publish","hentry"],"_links":{"self":[{"href":"https:\/\/bcoensingen.ch\/index.php?rest_route=\/wp\/v2\/pages\/1138","targetHints":{"allow":["GET"]}}],"collection":[{"href":"https:\/\/bcoensingen.ch\/index.php?rest_route=\/wp\/v2\/pages"}],"about":[{"href":"https:\/\/bcoensingen.ch\/index.php?rest_route=\/wp\/v2\/types\/page"}],"author":[{"embeddable":true,"href":"https:\/\/bcoensingen.ch\/index.php?rest_route=\/wp\/v2\/users\/1"}],"replies":[{"embeddable":true,"href":"https:\/\/bcoensingen.ch\/index.php?rest_route=%2Fwp%2Fv2%2Fcomments&post=1138"}],"version-history":[{"count":8,"href":"https:\/\/bcoensingen.ch\/index.php?rest_route=\/wp\/v2\/pages\/1138\/revisions"}],"predecessor-version":[{"id":2232,"href":"https:\/\/bcoensingen.ch\/index.php?rest_route=\/wp\/v2\/pages\/1138\/revisions\/2232"}],"up":[{"embeddable":true,"href":"https:\/\/bcoensingen.ch\/index.php?rest_route=\/wp\/v2\/pages\/206"}],"wp:attachment":[{"href":"https:\/\/bcoensingen.ch\/index.php?rest_route=%2Fwp%2Fv2%2Fmedia&parent=1138"}],"curies":[{"name":"wp","href":"https:\/\/api.w.org\/{rel}","templated":true}]}}