{"id":107,"date":"2016-04-24T12:17:53","date_gmt":"2016-04-24T10:17:53","guid":{"rendered":"http:\/\/192.168.1.53\/wordpress\/?page_id=107"},"modified":"2026-02-04T15:32:12","modified_gmt":"2026-02-04T14:32:12","slug":"impressum","status":"publish","type":"page","link":"https:\/\/bcoensingen.ch\/?page_id=107","title":{"rendered":"Impressum"},"content":{"rendered":"<div id=\"pa14\" class=\"textParagraph paragraphBase flex \">\n<div class=\"cc-content-parent\">\n<div class=\"cc-content-parent\">\n<div class=\"cc-content-parent\">\n<div>\n<div>\n<div class=\"n j-text\">Herausgeber<br \/>\nBadminton Club Oensingen<br \/>\nEmail <a href=\"mailto:info@bcoesingen.ch\" target=\"_self\" rel=\"noopener\">info@bcoensingen.ch<\/a>Redaktion<br \/>\nWebmasterSystemverantwortlich<br \/>\nRen\u00e9 H\u00fcrzeler<\/p>\n<\/div>\n<div class=\"n j-text\"><\/div>\n<\/div>\n<\/div>\n<\/div>\n<\/div>\n<\/div>\n<\/div>\n<div id=\"pa15\" class=\"textParagraph paragraphBase flex \">\n<div class=\"cc-content-parent\">\n<div class=\"cc-content-parent\">\n<div class=\"cc-content-parent\">\n<div>\n<div>\n<div class=\"n j-text\">\n<p>Disclaimer<\/p>\n<p>Haftungsausschluss<br \/>\nDer Badminton Club Oensingen \u00fcbernimmt keine Gew\u00e4hrleistung f\u00fcr Aktualit\u00e4t, Korrektheit, Vollst\u00e4ndigkeit und Qualit\u00e4t der bereitgestellten Informationen. Der Badminton Club Oensingen beh\u00e4lt sich ausdr\u00fccklich vor, die Informationen jederzeit und ohne vorherige Ank\u00fcndigung zu ver\u00e4ndern.<\/p>\n<p>In keinem Fall haftet der Badminton Club Oensingen f\u00fcr Verluste oder Sch\u00e4den materieller oder immaterieller Art, die sich aus oder im Zusammenhang mit der Nutzung oder Nichtnutzung der angebotenen Informationen bzw. durch die Nutzung fehlerhafter oder unvollst\u00e4ndiger Informationen entstehen k\u00f6nnen. Der Badminton Club Oensingen beh\u00e4lt sich ausdr\u00fccklich vor, jederzeit Inhalte ohne Ank\u00fcndigung ganz oder teilweise zu \u00e4ndern, zu l\u00f6schen oder zeitweise nicht zu ver\u00f6ffentlichen.<\/p>\n<div class=\"cc-content-parent\">\n<div class=\"cc-content-parent\">\n<div class=\"cc-content-parent\">\n<div>\n<div>\n<div class=\"n j-text\">Der Badminton Club Oensingen hat fremde, d.h. nicht auf ihren Servern oder in ihrem Einflussbereich liegende Websites, die mit dieser Website \u00fcber Verkn\u00fcpfungen (Hyperlinks) allenfalls verbunden sind, nicht \u00fcberpr\u00fcft und \u00fcbernimmt keine Verantwortung f\u00fcr deren Inhalte, die darauf angebotenen Produkte, Dienstleistungen oder sonstigen Angebote.<\/div>\n<\/div>\n<\/div>\n<\/div>\n<\/div>\n<\/div>\n<div class=\"cc-content-parent\">\n<div class=\"cc-content-parent\">\n<div class=\"cc-content-parent\">\n<div>\n<div>\n<div class=\"n j-text\">Der Badminton Club Oensingen setzt auf ihren Websites den Analysedienst &#8222;Google Analytics&#8220; ein. Mittels Textdateien, sog. &#8222;Cookies&#8220;, die auf Ihrem Computer gespeichert werden, wird eine Analyse der von Ihnen benutzten Websites erm\u00f6glicht. Google benutzt diese Informationen um Ihre Nutzung der Website auszuwerten, um Reports \u00fcber die Websiteaktivit\u00e4ten f\u00fcr die Websitebetreiber zusammenzustellen. Google wird in keinem Fall Ihre IP-Adresse mit anderen Daten der Google-Angebote in Verbindung bringen.<\/div>\n<\/div>\n<\/div>\n<\/div>\n<\/div>\n<\/div>\n<p>Urheberrechte<br \/>\nDer gesamte Inhalt und die Struktur der Badminton Club Oensingen-Webseiten ist urheberrechtlich gesch\u00fctzt.\u00a0 Die vollst\u00e4ndige oder teilweise Reproduktion, die elektronische oder mit anderen Mitteln erfolgte \u00dcbermittlung, die Modifikation oder die Benutzung f\u00fcr \u00f6ffentliche oder kommerzielle Zwecke ist ohne vorherige schriftliche Zustimmung der\u00a0Badminton Club Oensingen untersagt.<br \/>\nE-Mail-Kommunikation<br \/>\nDie E-Mail-Kommunikation mit der Badminton Club Oensingen\u00a0findet derzeit offen und unverschl\u00fcsselt statt. Es kann somit nicht ausgeschlossen werden, dass so gesendete Daten von Dritten eingesehen und Kontaktaufnahmen zu unserer Institution nachvollzogen werden k\u00f6nnen. Zudem zirkulieren die Daten unter Umst\u00e4nden grenz\u00fcberschreitend, selbst wenn sich Sender und Empf\u00e4nger im gleichen Staat befinden. Die Diskretion bei der Kommunikation via E-Mail ist somit nicht gew\u00e4hrleistet.<\/p>\n<\/div>\n<\/div>\n<\/div>\n<\/div>\n<\/div>\n<\/div>\n<\/div>\n","protected":false},"excerpt":{"rendered":"<p>Herausgeber Badminton Club Oensingen Email info@bcoensingen.chRedaktion WebmasterSystemverantwortlich Ren\u00e9 H\u00fcrzeler Disclaimer Haftungsausschluss Der Badminton Club Oensingen \u00fcbernimmt keine Gew\u00e4hrleistung f\u00fcr Aktualit\u00e4t, Korrektheit, Vollst\u00e4ndigkeit und Qualit\u00e4t der bereitgestellten Informationen. Der Badminton Club Oensingen beh\u00e4lt sich ausdr\u00fccklich vor, die Informationen jederzeit und ohne vorherige Ank\u00fcndigung zu ver\u00e4ndern. In keinem Fall haftet der Badminton Club Oensingen f\u00fcr Verluste oder [&hellip;]<\/p>\n","protected":false},"author":1,"featured_media":0,"parent":206,"menu_order":0,"comment_status":"closed","ping_status":"closed","template":"templates\/fullwidth.php","meta":{"footnotes":""},"class_list":["post-107","page","type-page","status-publish","hentry"],"_links":{"self":[{"href":"https:\/\/bcoensingen.ch\/index.php?rest_route=\/wp\/v2\/pages\/107","targetHints":{"allow":["GET"]}}],"collection":[{"href":"https:\/\/bcoensingen.ch\/index.php?rest_route=\/wp\/v2\/pages"}],"about":[{"href":"https:\/\/bcoensingen.ch\/index.php?rest_route=\/wp\/v2\/types\/page"}],"author":[{"embeddable":true,"href":"https:\/\/bcoensingen.ch\/index.php?rest_route=\/wp\/v2\/users\/1"}],"replies":[{"embeddable":true,"href":"https:\/\/bcoensingen.ch\/index.php?rest_route=%2Fwp%2Fv2%2Fcomments&post=107"}],"version-history":[{"count":5,"href":"https:\/\/bcoensingen.ch\/index.php?rest_route=\/wp\/v2\/pages\/107\/revisions"}],"predecessor-version":[{"id":3079,"href":"https:\/\/bcoensingen.ch\/index.php?rest_route=\/wp\/v2\/pages\/107\/revisions\/3079"}],"up":[{"embeddable":true,"href":"https:\/\/bcoensingen.ch\/index.php?rest_route=\/wp\/v2\/pages\/206"}],"wp:attachment":[{"href":"https:\/\/bcoensingen.ch\/index.php?rest_route=%2Fwp%2Fv2%2Fmedia&parent=107"}],"curies":[{"name":"wp","href":"https:\/\/api.w.org\/{rel}","templated":true}]}}